{"id":6090,"date":"2022-06-10T12:03:16","date_gmt":"2022-06-10T12:03:16","guid":{"rendered":"https:\/\/canada.iatse.net\/?page_id=6090"},"modified":"2026-01-30T21:53:38","modified_gmt":"2026-01-30T21:53:38","slug":"unite-the-arts","status":"publish","type":"page","link":"https:\/\/canada.iatse.net\/fr\/unite-the-arts\/","title":{"rendered":"Unir les arts"},"content":{"rendered":"<div data-elementor-type=\"wp-page\" data-elementor-id=\"6090\" class=\"elementor elementor-6090\">\n\t\t\t\t\t\t<section class=\"elementor-section elementor-top-section elementor-element elementor-element-53e3758 elementor-section-boxed elementor-section-height-default elementor-section-height-default\" data-id=\"53e3758\" data-element_type=\"section\">\n\t\t\t\t\t\t<div class=\"elementor-container elementor-column-gap-default\">\n\t\t\t\t\t<div class=\"elementor-column elementor-col-100 elementor-top-column elementor-element elementor-element-a351753\" data-id=\"a351753\" data-element_type=\"column\">\n\t\t\t<div class=\"elementor-widget-wrap elementor-element-populated\">\n\t\t\t\t\t\t<div class=\"elementor-element elementor-element-5d9fc56 elementor-widget elementor-widget-spacer\" data-id=\"5d9fc56\" data-element_type=\"widget\" data-widget_type=\"spacer.default\">\n\t\t\t\t<div class=\"elementor-widget-container\">\n\t\t\t\t\t<div class=\"elementor-spacer\">\n\t\t\t<div class=\"elementor-spacer-inner\"><\/div>\n\t\t<\/div>\n\t\t\t\t<\/div>\n\t\t\t\t<\/div>\n\t\t\t\t<div class=\"elementor-element elementor-element-2a88cdb elementor-widget elementor-widget-heading\" data-id=\"2a88cdb\" data-element_type=\"widget\" data-widget_type=\"heading.default\">\n\t\t\t\t<div class=\"elementor-widget-container\">\n\t\t\t<h2 class=\"elementor-heading-title elementor-size-default\">Bulletin Unis les Arts<\/h2>\t\t<\/div>\n\t\t\t\t<\/div>\n\t\t\t\t<div class=\"elementor-element elementor-element-43770e3 elementor-widget elementor-widget-image\" data-id=\"43770e3\" data-element_type=\"widget\" data-widget_type=\"image.default\">\n\t\t\t\t<div class=\"elementor-widget-container\">\n\t\t\t\t\t\t\t\t\t\t\t\t\t\t<a href=\"https:\/\/unitethearts.ca\" target=\"_blank\">\n\t\t\t\t\t\t\t<img decoding=\"async\" width=\"300\" height=\"166\" src=\"https:\/\/canada.iatse.net\/wp-content\/uploads\/sites\/2\/2026\/01\/Unite-the-Arts8-e1741296534125-768x425-1-300x166.png\" class=\"attachment-medium size-medium wp-image-10686\" alt=\"\" srcset=\"https:\/\/canada.iatse.net\/wp-content\/uploads\/sites\/2\/2026\/01\/Unite-the-Arts8-e1741296534125-768x425-1-300x166.png 300w, https:\/\/canada.iatse.net\/wp-content\/uploads\/sites\/2\/2026\/01\/Unite-the-Arts8-e1741296534125-768x425-1-18x10.png 18w, https:\/\/canada.iatse.net\/wp-content\/uploads\/sites\/2\/2026\/01\/Unite-the-Arts8-e1741296534125-768x425-1.png 768w\" sizes=\"(max-width: 300px) 100vw, 300px\" \/>\t\t\t\t\t\t\t\t<\/a>\n\t\t\t\t\t\t\t\t\t\t\t\t\t<\/div>\n\t\t\t\t<\/div>\n\t\t\t\t\t<\/div>\n\t\t<\/div>\n\t\t\t\t\t<\/div>\n\t\t<\/section>\n\t\t\t\t<section class=\"elementor-section elementor-top-section elementor-element elementor-element-cb0e93b elementor-section-boxed elementor-section-height-default elementor-section-height-default\" data-id=\"cb0e93b\" data-element_type=\"section\">\n\t\t\t\t\t\t<div class=\"elementor-container elementor-column-gap-default\">\n\t\t\t\t\t<div class=\"elementor-column elementor-col-100 elementor-top-column elementor-element elementor-element-b4da908\" data-id=\"b4da908\" data-element_type=\"column\">\n\t\t\t<div class=\"elementor-widget-wrap elementor-element-populated\">\n\t\t\t\t\t\t<div class=\"elementor-element elementor-element-e454553 elementor-widget elementor-widget-text-editor\" data-id=\"e454553\" data-element_type=\"widget\" data-widget_type=\"text-editor.default\">\n\t\t\t\t<div class=\"elementor-widget-container\">\n\t\t\t\t\t\t\t<p>Abonner-vous \u00e0 Unis les Arts, le bulletin mensuel con\u00e7u sp\u00e9cifiquement pour les personnes qui ne sont pas membres de l'AIEST. Nous fournirons des mises \u00e0 jour g\u00e9n\u00e9rales sur l'IATSE, des chances d'emploi, des occasions de syndicalisation et plus encore.<br \/><br \/><a href=\"https:\/\/forms.gle\/jyiqDPrVX8Ubh3zEA\" target=\"_blank\" rel=\"noopener\"><strong>Pour vous abonner, cliquez ici<\/strong><\/a><\/p>\t\t\t\t\t\t<\/div>\n\t\t\t\t<\/div>\n\t\t\t\t\t<\/div>\n\t\t<\/div>\n\t\t\t\t\t<\/div>\n\t\t<\/section>\n\t\t\t\t<section class=\"elementor-section elementor-top-section elementor-element elementor-element-071b05a elementor-section-boxed elementor-section-height-default elementor-section-height-default\" data-id=\"071b05a\" data-element_type=\"section\">\n\t\t\t\t\t\t<div class=\"elementor-container elementor-column-gap-default\">\n\t\t\t\t\t<div class=\"elementor-column elementor-col-100 elementor-top-column elementor-element elementor-element-8f61301\" data-id=\"8f61301\" data-element_type=\"column\">\n\t\t\t<div class=\"elementor-widget-wrap elementor-element-populated\">\n\t\t\t\t\t\t<div class=\"elementor-element elementor-element-3571439 elementor-widget elementor-widget-spacer\" data-id=\"3571439\" data-element_type=\"widget\" data-widget_type=\"spacer.default\">\n\t\t\t\t<div class=\"elementor-widget-container\">\n\t\t\t\t\t<div class=\"elementor-spacer\">\n\t\t\t<div class=\"elementor-spacer-inner\"><\/div>\n\t\t<\/div>\n\t\t\t\t<\/div>\n\t\t\t\t<\/div>\n\t\t\t\t\t<\/div>\n\t\t<\/div>\n\t\t\t\t\t<\/div>\n\t\t<\/section>\n\t\t\t\t<\/div>","protected":false},"excerpt":{"rendered":"<p>Unite The Arts Newsletter Abonnez-vous \u00e0 Unite the Arts, la lettre d'information mensuelle con\u00e7ue sp\u00e9cifiquement pour les personnes qui ne sont pas membres de l'IATSE. Nous fournirons des informations g\u00e9n\u00e9rales sur l'IATSE, les opportunit\u00e9s d'emploi, l'organisation [...]<\/p>","protected":false},"author":2,"featured_media":0,"parent":0,"menu_order":0,"comment_status":"closed","ping_status":"closed","template":"","meta":{"_monsterinsights_skip_tracking":false,"_monsterinsights_sitenote_active":false,"_monsterinsights_sitenote_note":"","_monsterinsights_sitenote_category":0,"footnotes":""},"yoast_head":"<!-- This site is optimized with the Yoast SEO plugin v23.5 - https:\/\/yoast.com\/wordpress\/plugins\/seo\/ -->\n<title>Unite the Arts - IATSE Canada<\/title>\n<meta name=\"robots\" content=\"index, follow, max-snippet:-1, max-image-preview:large, max-video-preview:-1\" \/>\n<link rel=\"canonical\" href=\"https:\/\/canada.iatse.net\/fr\/unite-the-arts\/\" \/>\n<meta property=\"og:locale\" content=\"fr_CA\" \/>\n<meta property=\"og:type\" content=\"article\" \/>\n<meta property=\"og:title\" content=\"Unite the Arts - IATSE Canada\" \/>\n<meta property=\"og:description\" content=\"Unite The Arts Newsletter Subscribe to Unite the Arts, the monthly newsletter\u00a0designed specifically for people who are not IATSE members. We will be providing general IATSE updates, job opportunities, organizing [&hellip;]\" \/>\n<meta property=\"og:url\" content=\"https:\/\/canada.iatse.net\/fr\/unite-the-arts\/\" \/>\n<meta property=\"og:site_name\" content=\"IATSE Canada\" \/>\n<meta property=\"article:publisher\" content=\"https:\/\/www.facebook.com\/iatsecanada\/\" \/>\n<meta property=\"article:modified_time\" content=\"2026-01-30T21:53:38+00:00\" \/>\n<meta property=\"og:image\" content=\"https:\/\/canada.iatse.net\/wp-content\/uploads\/sites\/2\/2026\/01\/Unite-the-Arts8-e1741296534125-768x425-1-300x166.png\" \/>\n<meta name=\"twitter:card\" content=\"summary_large_image\" \/>\n<meta name=\"twitter:site\" content=\"@iatsecanada\" \/>\n<meta name=\"twitter:label1\" content=\"Estimation du temps de lecture\" \/>\n\t<meta name=\"twitter:data1\" content=\"1 minute\" \/>\n<script type=\"application\/ld+json\" class=\"yoast-schema-graph\">{\"@context\":\"https:\/\/schema.org\",\"@graph\":[{\"@type\":\"WebPage\",\"@id\":\"https:\/\/canada.iatse.net\/unite-the-arts\/\",\"url\":\"https:\/\/canada.iatse.net\/unite-the-arts\/\",\"name\":\"Unite the Arts - IATSE Canada\",\"isPartOf\":{\"@id\":\"https:\/\/canada.iatse.net\/fr\/#website\"},\"primaryImageOfPage\":{\"@id\":\"https:\/\/canada.iatse.net\/unite-the-arts\/#primaryimage\"},\"image\":{\"@id\":\"https:\/\/canada.iatse.net\/unite-the-arts\/#primaryimage\"},\"thumbnailUrl\":\"https:\/\/canada.iatse.net\/wp-content\/uploads\/sites\/2\/2026\/01\/Unite-the-Arts8-e1741296534125-768x425-1-300x166.png\",\"datePublished\":\"2022-06-10T12:03:16+00:00\",\"dateModified\":\"2026-01-30T21:53:38+00:00\",\"breadcrumb\":{\"@id\":\"https:\/\/canada.iatse.net\/unite-the-arts\/#breadcrumb\"},\"inLanguage\":\"fr-CA\",\"potentialAction\":[{\"@type\":\"ReadAction\",\"target\":[\"https:\/\/canada.iatse.net\/unite-the-arts\/\"]}]},{\"@type\":\"ImageObject\",\"inLanguage\":\"fr-CA\",\"@id\":\"https:\/\/canada.iatse.net\/unite-the-arts\/#primaryimage\",\"url\":\"https:\/\/canada.iatse.net\/wp-content\/uploads\/sites\/2\/2026\/01\/Unite-the-Arts8-e1741296534125-768x425-1-300x166.png\",\"contentUrl\":\"https:\/\/canada.iatse.net\/wp-content\/uploads\/sites\/2\/2026\/01\/Unite-the-Arts8-e1741296534125-768x425-1-300x166.png\"},{\"@type\":\"BreadcrumbList\",\"@id\":\"https:\/\/canada.iatse.net\/unite-the-arts\/#breadcrumb\",\"itemListElement\":[{\"@type\":\"ListItem\",\"position\":1,\"name\":\"Home\",\"item\":\"https:\/\/canada.iatse.net\/\"},{\"@type\":\"ListItem\",\"position\":2,\"name\":\"Unite the Arts\"}]},{\"@type\":\"WebSite\",\"@id\":\"https:\/\/canada.iatse.net\/fr\/#website\",\"url\":\"https:\/\/canada.iatse.net\/fr\/\",\"name\":\"IATSE Canada\",\"description\":\"The Union Behind Entertainment\",\"publisher\":{\"@id\":\"https:\/\/canada.iatse.net\/fr\/#organization\"},\"potentialAction\":[{\"@type\":\"SearchAction\",\"target\":{\"@type\":\"EntryPoint\",\"urlTemplate\":\"https:\/\/canada.iatse.net\/fr\/?s={search_term_string}\"},\"query-input\":{\"@type\":\"PropertyValueSpecification\",\"valueRequired\":true,\"valueName\":\"search_term_string\"}}],\"inLanguage\":\"fr-CA\"},{\"@type\":\"Organization\",\"@id\":\"https:\/\/canada.iatse.net\/fr\/#organization\",\"name\":\"IATSE Canada\",\"url\":\"https:\/\/canada.iatse.net\/fr\/\",\"logo\":{\"@type\":\"ImageObject\",\"inLanguage\":\"fr-CA\",\"@id\":\"https:\/\/canada.iatse.net\/fr\/#\/schema\/logo\/image\/\",\"url\":\"https:\/\/canada.iatse.net\/wp-content\/uploads\/sites\/2\/2023\/02\/Canadian-Bug-Clear-BG.png\",\"contentUrl\":\"https:\/\/canada.iatse.net\/wp-content\/uploads\/sites\/2\/2023\/02\/Canadian-Bug-Clear-BG.png\",\"width\":1675,\"height\":1675,\"caption\":\"IATSE Canada\"},\"image\":{\"@id\":\"https:\/\/canada.iatse.net\/fr\/#\/schema\/logo\/image\/\"},\"sameAs\":[\"https:\/\/www.facebook.com\/iatsecanada\/\",\"https:\/\/x.com\/iatsecanada\"]}]}<\/script>\n<!-- \/ Yoast SEO plugin. -->","yoast_head_json":{"title":"Unite the Arts - IATSE Canada","robots":{"index":"index","follow":"follow","max-snippet":"max-snippet:-1","max-image-preview":"max-image-preview:large","max-video-preview":"max-video-preview:-1"},"canonical":"https:\/\/canada.iatse.net\/fr\/unite-the-arts\/","og_locale":"fr_CA","og_type":"article","og_title":"Unite the Arts - IATSE Canada","og_description":"Unite The Arts Newsletter Subscribe to Unite the Arts, the monthly newsletter\u00a0designed specifically for people who are not IATSE members. We will be providing general IATSE updates, job opportunities, organizing [&hellip;]","og_url":"https:\/\/canada.iatse.net\/fr\/unite-the-arts\/","og_site_name":"IATSE Canada","article_publisher":"https:\/\/www.facebook.com\/iatsecanada\/","article_modified_time":"2026-01-30T21:53:38+00:00","og_image":[{"url":"https:\/\/canada.iatse.net\/wp-content\/uploads\/sites\/2\/2026\/01\/Unite-the-Arts8-e1741296534125-768x425-1-300x166.png"}],"twitter_card":"summary_large_image","twitter_site":"@iatsecanada","twitter_misc":{"Estimation du temps de lecture":"1 minute"},"schema":{"@context":"https:\/\/schema.org","@graph":[{"@type":"WebPage","@id":"https:\/\/canada.iatse.net\/unite-the-arts\/","url":"https:\/\/canada.iatse.net\/unite-the-arts\/","name":"Unite the Arts - IATSE Canada","isPartOf":{"@id":"https:\/\/canada.iatse.net\/fr\/#website"},"primaryImageOfPage":{"@id":"https:\/\/canada.iatse.net\/unite-the-arts\/#primaryimage"},"image":{"@id":"https:\/\/canada.iatse.net\/unite-the-arts\/#primaryimage"},"thumbnailUrl":"https:\/\/canada.iatse.net\/wp-content\/uploads\/sites\/2\/2026\/01\/Unite-the-Arts8-e1741296534125-768x425-1-300x166.png","datePublished":"2022-06-10T12:03:16+00:00","dateModified":"2026-01-30T21:53:38+00:00","breadcrumb":{"@id":"https:\/\/canada.iatse.net\/unite-the-arts\/#breadcrumb"},"inLanguage":"fr-CA","potentialAction":[{"@type":"ReadAction","target":["https:\/\/canada.iatse.net\/unite-the-arts\/"]}]},{"@type":"ImageObject","inLanguage":"fr-CA","@id":"https:\/\/canada.iatse.net\/unite-the-arts\/#primaryimage","url":"https:\/\/canada.iatse.net\/wp-content\/uploads\/sites\/2\/2026\/01\/Unite-the-Arts8-e1741296534125-768x425-1-300x166.png","contentUrl":"https:\/\/canada.iatse.net\/wp-content\/uploads\/sites\/2\/2026\/01\/Unite-the-Arts8-e1741296534125-768x425-1-300x166.png"},{"@type":"BreadcrumbList","@id":"https:\/\/canada.iatse.net\/unite-the-arts\/#breadcrumb","itemListElement":[{"@type":"ListItem","position":1,"name":"Home","item":"https:\/\/canada.iatse.net\/"},{"@type":"ListItem","position":2,"name":"Unite the Arts"}]},{"@type":"WebSite","@id":"https:\/\/canada.iatse.net\/fr\/#website","url":"https:\/\/canada.iatse.net\/fr\/","name":"IATSE Canada","description":"The Union Behind Entertainment","publisher":{"@id":"https:\/\/canada.iatse.net\/fr\/#organization"},"potentialAction":[{"@type":"SearchAction","target":{"@type":"EntryPoint","urlTemplate":"https:\/\/canada.iatse.net\/fr\/?s={search_term_string}"},"query-input":{"@type":"PropertyValueSpecification","valueRequired":true,"valueName":"search_term_string"}}],"inLanguage":"fr-CA"},{"@type":"Organization","@id":"https:\/\/canada.iatse.net\/fr\/#organization","name":"IATSE Canada","url":"https:\/\/canada.iatse.net\/fr\/","logo":{"@type":"ImageObject","inLanguage":"fr-CA","@id":"https:\/\/canada.iatse.net\/fr\/#\/schema\/logo\/image\/","url":"https:\/\/canada.iatse.net\/wp-content\/uploads\/sites\/2\/2023\/02\/Canadian-Bug-Clear-BG.png","contentUrl":"https:\/\/canada.iatse.net\/wp-content\/uploads\/sites\/2\/2023\/02\/Canadian-Bug-Clear-BG.png","width":1675,"height":1675,"caption":"IATSE Canada"},"image":{"@id":"https:\/\/canada.iatse.net\/fr\/#\/schema\/logo\/image\/"},"sameAs":["https:\/\/www.facebook.com\/iatsecanada\/","https:\/\/x.com\/iatsecanada"]}]}},"_links":{"self":[{"href":"https:\/\/canada.iatse.net\/fr\/wp-json\/wp\/v2\/pages\/6090"}],"collection":[{"href":"https:\/\/canada.iatse.net\/fr\/wp-json\/wp\/v2\/pages"}],"about":[{"href":"https:\/\/canada.iatse.net\/fr\/wp-json\/wp\/v2\/types\/page"}],"author":[{"embeddable":true,"href":"https:\/\/canada.iatse.net\/fr\/wp-json\/wp\/v2\/users\/2"}],"replies":[{"embeddable":true,"href":"https:\/\/canada.iatse.net\/fr\/wp-json\/wp\/v2\/comments?post=6090"}],"version-history":[{"count":29,"href":"https:\/\/canada.iatse.net\/fr\/wp-json\/wp\/v2\/pages\/6090\/revisions"}],"predecessor-version":[{"id":11000,"href":"https:\/\/canada.iatse.net\/fr\/wp-json\/wp\/v2\/pages\/6090\/revisions\/11000"}],"wp:attachment":[{"href":"https:\/\/canada.iatse.net\/fr\/wp-json\/wp\/v2\/media?parent=6090"}],"curies":[{"name":"wp","href":"https:\/\/api.w.org\/{rel}","templated":true}]}}