{"id":8352,"date":"2023-11-22T16:13:20","date_gmt":"2023-11-22T16:13:20","guid":{"rendered":"https:\/\/canada.iatse.net\/?page_id=8352"},"modified":"2026-01-28T20:18:51","modified_gmt":"2026-01-28T20:18:51","slug":"thank-you","status":"publish","type":"page","link":"https:\/\/canada.iatse.net\/fr\/thank-you\/","title":{"rendered":"Merci de votre attention"},"content":{"rendered":"<div data-elementor-type=\"wp-page\" data-elementor-id=\"8352\" class=\"elementor elementor-8352\">\n\t\t\t\t\t\t<section class=\"elementor-section elementor-top-section elementor-element elementor-element-be43a54 elementor-section-boxed elementor-section-height-default elementor-section-height-default\" data-id=\"be43a54\" data-element_type=\"section\">\n\t\t\t\t\t\t<div class=\"elementor-container elementor-column-gap-default\">\n\t\t\t\t\t<div class=\"elementor-column elementor-col-100 elementor-top-column elementor-element elementor-element-27562dd\" data-id=\"27562dd\" data-element_type=\"column\">\n\t\t\t<div class=\"elementor-widget-wrap elementor-element-populated\">\n\t\t\t\t\t\t<div class=\"elementor-element elementor-element-a0bbb44 elementor-widget elementor-widget-spacer\" data-id=\"a0bbb44\" data-element_type=\"widget\" data-widget_type=\"spacer.default\">\n\t\t\t\t<div class=\"elementor-widget-container\">\n\t\t\t\t\t<div class=\"elementor-spacer\">\n\t\t\t<div class=\"elementor-spacer-inner\"><\/div>\n\t\t<\/div>\n\t\t\t\t<\/div>\n\t\t\t\t<\/div>\n\t\t\t\t<div class=\"elementor-element elementor-element-2d53297 elementor-widget elementor-widget-image\" data-id=\"2d53297\" data-element_type=\"widget\" data-widget_type=\"image.default\">\n\t\t\t\t<div class=\"elementor-widget-container\">\n\t\t\t\t\t\t\t\t\t\t\t\t\t<img fetchpriority=\"high\" decoding=\"async\" width=\"300\" height=\"284\" src=\"https:\/\/canada.iatse.net\/wp-content\/uploads\/sites\/2\/2023\/09\/VFX-Logo-Black-300x284.png\" class=\"attachment-medium size-medium wp-image-8120\" alt=\"\" srcset=\"https:\/\/canada.iatse.net\/wp-content\/uploads\/sites\/2\/2023\/09\/VFX-Logo-Black-300x284.png 300w, https:\/\/canada.iatse.net\/wp-content\/uploads\/sites\/2\/2023\/09\/VFX-Logo-Black-13x12.png 13w, https:\/\/canada.iatse.net\/wp-content\/uploads\/sites\/2\/2023\/09\/VFX-Logo-Black.png 768w\" sizes=\"(max-width: 300px) 100vw, 300px\" \/>\t\t\t\t\t\t\t\t\t\t\t\t\t<\/div>\n\t\t\t\t<\/div>\n\t\t\t\t<div class=\"elementor-element elementor-element-6895221 elementor-widget elementor-widget-heading\" data-id=\"6895221\" data-element_type=\"widget\" data-widget_type=\"heading.default\">\n\t\t\t\t<div class=\"elementor-widget-container\">\n\t\t\t<h2 class=\"elementor-heading-title elementor-size-default\">Merci d'avoir demand\u00e9 votre carte syndicale confidentielle!<br><br><\/h2>\t\t<\/div>\n\t\t\t\t<\/div>\n\t\t\t\t\t<\/div>\n\t\t<\/div>\n\t\t\t\t\t<\/div>\n\t\t<\/section>\n\t\t\t\t<section class=\"elementor-section elementor-top-section elementor-element elementor-element-4c586e1 elementor-section-boxed elementor-section-height-default elementor-section-height-default\" data-id=\"4c586e1\" data-element_type=\"section\">\n\t\t\t\t\t\t<div class=\"elementor-container elementor-column-gap-default\">\n\t\t\t\t\t<div class=\"elementor-column elementor-col-100 elementor-top-column elementor-element elementor-element-e3cef6d\" data-id=\"e3cef6d\" data-element_type=\"column\">\n\t\t\t<div class=\"elementor-widget-wrap elementor-element-populated\">\n\t\t\t\t\t\t<div class=\"elementor-element elementor-element-2ee138c elementor-widget elementor-widget-heading\" data-id=\"2ee138c\" data-element_type=\"widget\" data-widget_type=\"heading.default\">\n\t\t\t\t<div class=\"elementor-widget-container\">\n\t\t\t<h3 class=\"elementor-heading-title elementor-size-default\">Dans les prochaines 24 heures, vous recevrez votre carte syndicale de la part d'un repr\u00e9sentant de votre province.<br><br><\/h3>\t\t<\/div>\n\t\t\t\t<\/div>\n\t\t\t\t<div class=\"elementor-element elementor-element-62b3435 elementor-widget elementor-widget-heading\" data-id=\"62b3435\" data-element_type=\"widget\" data-widget_type=\"heading.default\">\n\t\t\t\t<div class=\"elementor-widget-container\">\n\t\t\t<h2 class=\"elementor-heading-title elementor-size-default\">Cette carte sera envoy\u00e9e via Adobe Sign et vous devrez la remplir.<br><\/h2>\t\t<\/div>\n\t\t\t\t<\/div>\n\t\t\t\t<div class=\"elementor-element elementor-element-068118d elementor-widget elementor-widget-heading\" data-id=\"068118d\" data-element_type=\"widget\" data-widget_type=\"heading.default\">\n\t\t\t\t<div class=\"elementor-widget-container\">\n\t\t\t<h3 class=\"elementor-heading-title elementor-size-default\"><br>Assurez-vous de v\u00e9rifier vos courriels ind\u00e9sirables!<br><\/h3>\t\t<\/div>\n\t\t\t\t<\/div>\n\t\t\t\t\t<\/div>\n\t\t<\/div>\n\t\t\t\t\t<\/div>\n\t\t<\/section>\n\t\t\t\t<section class=\"elementor-section elementor-top-section elementor-element elementor-element-10a8261 elementor-section-boxed elementor-section-height-default elementor-section-height-default\" data-id=\"10a8261\" data-element_type=\"section\">\n\t\t\t\t\t\t<div class=\"elementor-container elementor-column-gap-default\">\n\t\t\t\t\t<div class=\"elementor-column elementor-col-100 elementor-top-column elementor-element elementor-element-1f7512c\" data-id=\"1f7512c\" data-element_type=\"column\">\n\t\t\t<div class=\"elementor-widget-wrap elementor-element-populated\">\n\t\t\t\t\t\t<div class=\"elementor-element elementor-element-7792676 elementor-widget elementor-widget-spacer\" data-id=\"7792676\" data-element_type=\"widget\" data-widget_type=\"spacer.default\">\n\t\t\t\t<div class=\"elementor-widget-container\">\n\t\t\t\t\t<div class=\"elementor-spacer\">\n\t\t\t<div class=\"elementor-spacer-inner\"><\/div>\n\t\t<\/div>\n\t\t\t\t<\/div>\n\t\t\t\t<\/div>\n\t\t\t\t\t<\/div>\n\t\t<\/div>\n\t\t\t\t\t<\/div>\n\t\t<\/section>\n\t\t\t\t<\/div>","protected":false},"excerpt":{"rendered":"<p>Merci d'avoir demand\u00e9 votre carte syndicale confidentielle ! Dans les prochaines 24 heures, vous recevrez votre carte syndicale d'un repr\u00e9sentant de votre province. Cette carte sera envoy\u00e9e [...]<\/p>","protected":false},"author":2,"featured_media":0,"parent":0,"menu_order":0,"comment_status":"closed","ping_status":"closed","template":"elementor_header_footer","meta":{"_monsterinsights_skip_tracking":false,"_monsterinsights_sitenote_active":false,"_monsterinsights_sitenote_note":"","_monsterinsights_sitenote_category":0,"footnotes":""},"yoast_head":"<!-- This site is optimized with the Yoast SEO plugin v23.5 - https:\/\/yoast.com\/wordpress\/plugins\/seo\/ -->\n<title>Thank You - IATSE Canada<\/title>\n<meta name=\"robots\" content=\"index, follow, max-snippet:-1, max-image-preview:large, max-video-preview:-1\" \/>\n<link rel=\"canonical\" href=\"https:\/\/canada.iatse.net\/fr\/thank-you\/\" \/>\n<meta property=\"og:locale\" content=\"fr_CA\" \/>\n<meta property=\"og:type\" content=\"article\" \/>\n<meta property=\"og:title\" content=\"Thank You - IATSE Canada\" \/>\n<meta property=\"og:description\" content=\"Thank you for requesting your confidential union card! In the next 24 hours you will receive your union card from a representative in your province. This card will be sent [&hellip;]\" \/>\n<meta property=\"og:url\" content=\"https:\/\/canada.iatse.net\/fr\/thank-you\/\" \/>\n<meta property=\"og:site_name\" content=\"IATSE Canada\" \/>\n<meta property=\"article:publisher\" content=\"https:\/\/www.facebook.com\/iatsecanada\/\" \/>\n<meta property=\"article:modified_time\" content=\"2026-01-28T20:18:51+00:00\" \/>\n<meta property=\"og:image\" content=\"https:\/\/canada.iatse.net\/wp-content\/uploads\/sites\/2\/2023\/09\/VFX-Logo-Black-300x284.png\" \/>\n<meta name=\"twitter:card\" content=\"summary_large_image\" \/>\n<meta name=\"twitter:site\" content=\"@iatsecanada\" \/>\n<meta name=\"twitter:label1\" content=\"Estimation du temps de lecture\" \/>\n\t<meta name=\"twitter:data1\" content=\"1 minute\" \/>\n<script type=\"application\/ld+json\" class=\"yoast-schema-graph\">{\"@context\":\"https:\/\/schema.org\",\"@graph\":[{\"@type\":\"WebPage\",\"@id\":\"https:\/\/canada.iatse.net\/thank-you\/\",\"url\":\"https:\/\/canada.iatse.net\/thank-you\/\",\"name\":\"Thank You - IATSE Canada\",\"isPartOf\":{\"@id\":\"https:\/\/canada.iatse.net\/fr\/#website\"},\"primaryImageOfPage\":{\"@id\":\"https:\/\/canada.iatse.net\/thank-you\/#primaryimage\"},\"image\":{\"@id\":\"https:\/\/canada.iatse.net\/thank-you\/#primaryimage\"},\"thumbnailUrl\":\"https:\/\/canada.iatse.net\/wp-content\/uploads\/sites\/2\/2023\/09\/VFX-Logo-Black-300x284.png\",\"datePublished\":\"2023-11-22T16:13:20+00:00\",\"dateModified\":\"2026-01-28T20:18:51+00:00\",\"breadcrumb\":{\"@id\":\"https:\/\/canada.iatse.net\/thank-you\/#breadcrumb\"},\"inLanguage\":\"fr-CA\",\"potentialAction\":[{\"@type\":\"ReadAction\",\"target\":[\"https:\/\/canada.iatse.net\/thank-you\/\"]}]},{\"@type\":\"ImageObject\",\"inLanguage\":\"fr-CA\",\"@id\":\"https:\/\/canada.iatse.net\/thank-you\/#primaryimage\",\"url\":\"https:\/\/canada.iatse.net\/wp-content\/uploads\/sites\/2\/2023\/09\/VFX-Logo-Black-300x284.png\",\"contentUrl\":\"https:\/\/canada.iatse.net\/wp-content\/uploads\/sites\/2\/2023\/09\/VFX-Logo-Black-300x284.png\"},{\"@type\":\"BreadcrumbList\",\"@id\":\"https:\/\/canada.iatse.net\/thank-you\/#breadcrumb\",\"itemListElement\":[{\"@type\":\"ListItem\",\"position\":1,\"name\":\"Home\",\"item\":\"https:\/\/canada.iatse.net\/\"},{\"@type\":\"ListItem\",\"position\":2,\"name\":\"Thank You\"}]},{\"@type\":\"WebSite\",\"@id\":\"https:\/\/canada.iatse.net\/fr\/#website\",\"url\":\"https:\/\/canada.iatse.net\/fr\/\",\"name\":\"IATSE Canada\",\"description\":\"The Union Behind Entertainment\",\"publisher\":{\"@id\":\"https:\/\/canada.iatse.net\/fr\/#organization\"},\"potentialAction\":[{\"@type\":\"SearchAction\",\"target\":{\"@type\":\"EntryPoint\",\"urlTemplate\":\"https:\/\/canada.iatse.net\/fr\/?s={search_term_string}\"},\"query-input\":{\"@type\":\"PropertyValueSpecification\",\"valueRequired\":true,\"valueName\":\"search_term_string\"}}],\"inLanguage\":\"fr-CA\"},{\"@type\":\"Organization\",\"@id\":\"https:\/\/canada.iatse.net\/fr\/#organization\",\"name\":\"IATSE Canada\",\"url\":\"https:\/\/canada.iatse.net\/fr\/\",\"logo\":{\"@type\":\"ImageObject\",\"inLanguage\":\"fr-CA\",\"@id\":\"https:\/\/canada.iatse.net\/fr\/#\/schema\/logo\/image\/\",\"url\":\"https:\/\/canada.iatse.net\/wp-content\/uploads\/sites\/2\/2023\/02\/Canadian-Bug-Clear-BG.png\",\"contentUrl\":\"https:\/\/canada.iatse.net\/wp-content\/uploads\/sites\/2\/2023\/02\/Canadian-Bug-Clear-BG.png\",\"width\":1675,\"height\":1675,\"caption\":\"IATSE Canada\"},\"image\":{\"@id\":\"https:\/\/canada.iatse.net\/fr\/#\/schema\/logo\/image\/\"},\"sameAs\":[\"https:\/\/www.facebook.com\/iatsecanada\/\",\"https:\/\/x.com\/iatsecanada\"]}]}<\/script>\n<!-- \/ Yoast SEO plugin. -->","yoast_head_json":{"title":"Thank You - IATSE Canada","robots":{"index":"index","follow":"follow","max-snippet":"max-snippet:-1","max-image-preview":"max-image-preview:large","max-video-preview":"max-video-preview:-1"},"canonical":"https:\/\/canada.iatse.net\/fr\/thank-you\/","og_locale":"fr_CA","og_type":"article","og_title":"Thank You - IATSE Canada","og_description":"Thank you for requesting your confidential union card! In the next 24 hours you will receive your union card from a representative in your province. This card will be sent [&hellip;]","og_url":"https:\/\/canada.iatse.net\/fr\/thank-you\/","og_site_name":"IATSE Canada","article_publisher":"https:\/\/www.facebook.com\/iatsecanada\/","article_modified_time":"2026-01-28T20:18:51+00:00","og_image":[{"url":"https:\/\/canada.iatse.net\/wp-content\/uploads\/sites\/2\/2023\/09\/VFX-Logo-Black-300x284.png"}],"twitter_card":"summary_large_image","twitter_site":"@iatsecanada","twitter_misc":{"Estimation du temps de lecture":"1 minute"},"schema":{"@context":"https:\/\/schema.org","@graph":[{"@type":"WebPage","@id":"https:\/\/canada.iatse.net\/thank-you\/","url":"https:\/\/canada.iatse.net\/thank-you\/","name":"Thank You - IATSE Canada","isPartOf":{"@id":"https:\/\/canada.iatse.net\/fr\/#website"},"primaryImageOfPage":{"@id":"https:\/\/canada.iatse.net\/thank-you\/#primaryimage"},"image":{"@id":"https:\/\/canada.iatse.net\/thank-you\/#primaryimage"},"thumbnailUrl":"https:\/\/canada.iatse.net\/wp-content\/uploads\/sites\/2\/2023\/09\/VFX-Logo-Black-300x284.png","datePublished":"2023-11-22T16:13:20+00:00","dateModified":"2026-01-28T20:18:51+00:00","breadcrumb":{"@id":"https:\/\/canada.iatse.net\/thank-you\/#breadcrumb"},"inLanguage":"fr-CA","potentialAction":[{"@type":"ReadAction","target":["https:\/\/canada.iatse.net\/thank-you\/"]}]},{"@type":"ImageObject","inLanguage":"fr-CA","@id":"https:\/\/canada.iatse.net\/thank-you\/#primaryimage","url":"https:\/\/canada.iatse.net\/wp-content\/uploads\/sites\/2\/2023\/09\/VFX-Logo-Black-300x284.png","contentUrl":"https:\/\/canada.iatse.net\/wp-content\/uploads\/sites\/2\/2023\/09\/VFX-Logo-Black-300x284.png"},{"@type":"BreadcrumbList","@id":"https:\/\/canada.iatse.net\/thank-you\/#breadcrumb","itemListElement":[{"@type":"ListItem","position":1,"name":"Home","item":"https:\/\/canada.iatse.net\/"},{"@type":"ListItem","position":2,"name":"Thank You"}]},{"@type":"WebSite","@id":"https:\/\/canada.iatse.net\/fr\/#website","url":"https:\/\/canada.iatse.net\/fr\/","name":"IATSE Canada","description":"The Union Behind Entertainment","publisher":{"@id":"https:\/\/canada.iatse.net\/fr\/#organization"},"potentialAction":[{"@type":"SearchAction","target":{"@type":"EntryPoint","urlTemplate":"https:\/\/canada.iatse.net\/fr\/?s={search_term_string}"},"query-input":{"@type":"PropertyValueSpecification","valueRequired":true,"valueName":"search_term_string"}}],"inLanguage":"fr-CA"},{"@type":"Organization","@id":"https:\/\/canada.iatse.net\/fr\/#organization","name":"IATSE Canada","url":"https:\/\/canada.iatse.net\/fr\/","logo":{"@type":"ImageObject","inLanguage":"fr-CA","@id":"https:\/\/canada.iatse.net\/fr\/#\/schema\/logo\/image\/","url":"https:\/\/canada.iatse.net\/wp-content\/uploads\/sites\/2\/2023\/02\/Canadian-Bug-Clear-BG.png","contentUrl":"https:\/\/canada.iatse.net\/wp-content\/uploads\/sites\/2\/2023\/02\/Canadian-Bug-Clear-BG.png","width":1675,"height":1675,"caption":"IATSE Canada"},"image":{"@id":"https:\/\/canada.iatse.net\/fr\/#\/schema\/logo\/image\/"},"sameAs":["https:\/\/www.facebook.com\/iatsecanada\/","https:\/\/x.com\/iatsecanada"]}]}},"_links":{"self":[{"href":"https:\/\/canada.iatse.net\/fr\/wp-json\/wp\/v2\/pages\/8352"}],"collection":[{"href":"https:\/\/canada.iatse.net\/fr\/wp-json\/wp\/v2\/pages"}],"about":[{"href":"https:\/\/canada.iatse.net\/fr\/wp-json\/wp\/v2\/types\/page"}],"author":[{"embeddable":true,"href":"https:\/\/canada.iatse.net\/fr\/wp-json\/wp\/v2\/users\/2"}],"replies":[{"embeddable":true,"href":"https:\/\/canada.iatse.net\/fr\/wp-json\/wp\/v2\/comments?post=8352"}],"version-history":[{"count":33,"href":"https:\/\/canada.iatse.net\/fr\/wp-json\/wp\/v2\/pages\/8352\/revisions"}],"predecessor-version":[{"id":10791,"href":"https:\/\/canada.iatse.net\/fr\/wp-json\/wp\/v2\/pages\/8352\/revisions\/10791"}],"wp:attachment":[{"href":"https:\/\/canada.iatse.net\/fr\/wp-json\/wp\/v2\/media?parent=8352"}],"curies":[{"name":"wp","href":"https:\/\/api.w.org\/{rel}","templated":true}]}}