{"id":8682,"date":"2024-08-16T19:41:47","date_gmt":"2024-08-16T19:41:47","guid":{"rendered":"https:\/\/canada.iatse.net\/?page_id=8682"},"modified":"2026-01-28T21:41:06","modified_gmt":"2026-01-28T21:41:06","slug":"how-to-join","status":"publish","type":"page","link":"https:\/\/canada.iatse.net\/fr\/how-to-join\/","title":{"rendered":"Comment adh\u00e9rer"},"content":{"rendered":"<div data-elementor-type=\"wp-page\" data-elementor-id=\"8682\" class=\"elementor elementor-8682\">\n\t\t\t\t\t\t<section class=\"elementor-section elementor-top-section elementor-element elementor-element-d642c30 elementor-section-boxed elementor-section-height-default elementor-section-height-default\" data-id=\"d642c30\" data-element_type=\"section\">\n\t\t\t\t\t\t<div class=\"elementor-container elementor-column-gap-default\">\n\t\t\t\t\t<div class=\"elementor-column elementor-col-100 elementor-top-column elementor-element elementor-element-8b37d8b\" data-id=\"8b37d8b\" data-element_type=\"column\">\n\t\t\t<div class=\"elementor-widget-wrap elementor-element-populated\">\n\t\t\t\t\t\t<div class=\"elementor-element elementor-element-aadc775 elementor-widget elementor-widget-spacer\" data-id=\"aadc775\" data-element_type=\"widget\" data-widget_type=\"spacer.default\">\n\t\t\t\t<div class=\"elementor-widget-container\">\n\t\t\t\t\t<div class=\"elementor-spacer\">\n\t\t\t<div class=\"elementor-spacer-inner\"><\/div>\n\t\t<\/div>\n\t\t\t\t<\/div>\n\t\t\t\t<\/div>\n\t\t\t\t<div class=\"elementor-element elementor-element-b62c3fa elementor-widget elementor-widget-heading\" data-id=\"b62c3fa\" data-element_type=\"widget\" data-widget_type=\"heading.default\">\n\t\t\t\t<div class=\"elementor-widget-container\">\n\t\t\t<h1 class=\"elementor-heading-title elementor-size-default\">Comment adh\u00e9rer<\/h1>\t\t<\/div>\n\t\t\t\t<\/div>\n\t\t\t\t<div class=\"elementor-element elementor-element-07fbce8 elementor-widget elementor-widget-text-editor\" data-id=\"07fbce8\" data-element_type=\"widget\" data-widget_type=\"text-editor.default\">\n\t\t\t\t<div class=\"elementor-widget-container\">\n\t\t\t\t\t\t\t<p style=\"margin-bottom: 1.666667em;font-size: 20px\">\u00cates-vous un gaffeur ou un joueur ? Menuisier ou costumier ? VFX ou SFX ? Machiniste ou porteuse de sc\u00e8ne ? Que vous travailliez pour un petit magasin ou un fournisseur national, un producteur ind\u00e9pendant ou un grand studio, un magasin AV ou un salon professionnel, une cha\u00eene de t\u00e9l\u00e9vision locale ou un r\u00e9seau de t\u00e9l\u00e9vision national, une maison d'animation ou un studio de jeu, un th\u00e9\u00e2tre communautaire local ou un th\u00e9\u00e2tre r\u00e9gional, nous sommes le syndicat qu'il vous faut !<\/p><p style=\"margin-bottom: 1.666667em;font-size: 20px\">L'IATSE repr\u00e9sente plus de 36 000 travailleurs au Canada. Nos membres b\u00e9n\u00e9ficient d'une repr\u00e9sentation forte, de bons salaires, d'une formation, d'avantages sociaux et de meilleures conditions de travail en g\u00e9n\u00e9ral.<\/p><p style=\"margin-bottom: 1.666667em\"><b><span style=\"font-size: 20px\">L'IATSE compte des syndicats locaux dans tout le pays, qui repr\u00e9sentent diff\u00e9rentes cat\u00e9gories, chacune ayant ses propres r\u00e8gles et proc\u00e9dures. Pour obtenir des informations sp\u00e9cifiques sur la section locale la plus proche de chez vous, veuillez utiliser le menu d\u00e9roulant ci-dessous :<\/span><\/b><\/p>\t\t\t\t\t\t<\/div>\n\t\t\t\t<\/div>\n\t\t\t\t\t<\/div>\n\t\t<\/div>\n\t\t\t\t\t<\/div>\n\t\t<\/section>\n\t\t\t\t<section class=\"elementor-section elementor-top-section elementor-element elementor-element-939cdd5 elementor-section-boxed elementor-section-height-default elementor-section-height-default\" data-id=\"939cdd5\" data-element_type=\"section\">\n\t\t\t\t\t\t<div class=\"elementor-container elementor-column-gap-default\">\n\t\t\t\t\t<div class=\"elementor-column elementor-col-100 elementor-top-column elementor-element elementor-element-d0eedc5\" data-id=\"d0eedc5\" data-element_type=\"column\">\n\t\t\t<div class=\"elementor-widget-wrap elementor-element-populated\">\n\t\t\t\t\t\t<div class=\"elementor-element elementor-element-4c8818d elementor-widget elementor-widget-shortcode\" data-id=\"4c8818d\" data-element_type=\"widget\" data-widget_type=\"shortcode.default\">\n\t\t\t\t<div class=\"elementor-widget-container\">\n\t\t\t\t\t<div class=\"elementor-shortcode\">\n\t\t\t\t<form action=\"\" method=\"post\" class=\"searchandfilter\" data-trp-original-action=\"\">\n\t\t\t\t\t<div><ul><li><select  name='ofprovince' id='ofprovince' class='postform'>\n\t<option value='0' selected='selected'>Toutes les provinces<\/option>\n\t<option class=\"level-0\" value=\"46\">l\u2019Alberta<\/option>\n\t<option class=\"level-0\" value=\"56\">la Colombie-Britannique<\/option>\n\t<option class=\"level-0\" value=\"51\">le Manitoba<\/option>\n\t<option class=\"level-0\" value=\"58\">le Nouveau-Brunswick<\/option>\n\t<option class=\"level-0\" value=\"57\">la Terre-Neuve-et-Labrador<\/option>\n\t<option class=\"level-0\" value=\"61\">Pas au Canada<\/option>\n\t<option class=\"level-0\" value=\"47\">la Nouvelle-\u00c9cosse<\/option>\n\t<option class=\"level-0\" value=\"45\">l'Ontario<\/option>\n\t<option class=\"level-0\" value=\"59\">l'ile du Prince-\u00c9douard<\/option>\n\t<option class=\"level-0\" value=\"53\">Qu\u00e9bec<\/option>\n\t<option class=\"level-0\" value=\"52\">la Saskatchewan<\/option>\n<\/select>\n<input type=\"hidden\" name=\"ofprovince_operator\" value=\"and\" \/><\/li><li><select  name='ofsector' id='ofsector' class='postform'>\n\t<option value='0' selected='selected'>Tous les secteurs<\/option>\n\t<option class=\"level-0\" value=\"50\">Animation<\/option>\n\t<option class=\"level-0\" value=\"48\">Film\/T\u00e9l\u00e9vision<\/option>\n\t<option class=\"level-0\" value=\"54\">Jeux<\/option>\n\t<option class=\"level-0\" value=\"49\">\u00c9v\u00e9nements en direct\/th\u00e9\u00e2tre<\/option>\n\t<option class=\"level-0\" value=\"64\">Aucun d'entre eux<\/option>\n\t<option class=\"level-0\" value=\"55\">VFX<\/option>\n<\/select>\n<input type=\"hidden\" name=\"ofsector_operator\" value=\"and\" \/><\/li><li><input type=\"hidden\" name=\"ofsubmitted\" value=\"1\"><input type=\"submit\" value=\"Soumettre\"><\/li><\/ul><\/div><input type=\"hidden\" name=\"trp-form-language\" value=\"fr\"\/><\/form>\n<\/div>\n\t\t\t\t<\/div>\n\t\t\t\t<\/div>\n\t\t\t\t<div class=\"elementor-element elementor-element-a02b980 elementor-widget elementor-widget-text-editor\" data-id=\"a02b980\" data-element_type=\"widget\" data-widget_type=\"text-editor.default\">\n\t\t\t\t<div class=\"elementor-widget-container\">\n\t\t\t\t\t\t\t<p><em>Cette recherche est en cours d'\u00e9laboration.  N'h\u00e9sitez pas \u00e0 nous faire part des probl\u00e8mes que vous rencontrez et nous ferons de notre mieux pour les r\u00e9soudre.<\/em><\/p>\t\t\t\t\t\t<\/div>\n\t\t\t\t<\/div>\n\t\t\t\t<div class=\"elementor-element elementor-element-1ee4c1d elementor-widget elementor-widget-text-editor\" data-id=\"1ee4c1d\" data-element_type=\"widget\" data-widget_type=\"text-editor.default\">\n\t\t\t\t<div class=\"elementor-widget-container\">\n\t\t\t\t\t\t\t<p><strong><span style=\"font-size: 20px\">Acteurs et cascadeurs : <\/span><\/strong><span style=\"font-size: 20px\">L'IATSE ne repr\u00e9sente que les travailleurs de l'ombre.  Si vous souhaitez devenir acteur ou cascadeur au Canada, vous devez vous adresser \u00e0 l'ACTRA pour le cin\u00e9ma et la t\u00e9l\u00e9vision ou \u00e0 l'Actors' Equity pour le th\u00e9\u00e2tre.<\/span><\/p><p><strong><span style=\"font-size: 20px\">Mise en sc\u00e8ne : <\/span><\/strong><span style=\"font-size: 20px\">L'IATSE ne repr\u00e9sente pas les r\u00e9alisateurs au Canada.  Si vous \u00eates int\u00e9ress\u00e9 par la r\u00e9alisation, vous devez vous adresser directement \u00e0 la Guilde canadienne des r\u00e9alisateurs (GCR).<br \/><\/span><\/p><p><strong><span style=\"font-size: 20px\">L'\u00e9criture : <\/span><\/strong><span style=\"font-size: 20px\">L'IATSE ne repr\u00e9sente pas les sc\u00e9naristes au Canada.  Si vous \u00eates int\u00e9ress\u00e9 par l'\u00e9criture de sc\u00e9narios, vous devez vous adresser directement \u00e0 la Writers Guild of Canada (WGC).<\/span><\/p>\t\t\t\t\t\t<\/div>\n\t\t\t\t<\/div>\n\t\t\t\t\t<\/div>\n\t\t<\/div>\n\t\t\t\t\t<\/div>\n\t\t<\/section>\n\t\t\t\t<section class=\"elementor-section elementor-top-section elementor-element elementor-element-236d7a8 elementor-section-boxed elementor-section-height-default elementor-section-height-default\" data-id=\"236d7a8\" data-element_type=\"section\">\n\t\t\t\t\t\t<div class=\"elementor-container elementor-column-gap-default\">\n\t\t\t\t\t<div class=\"elementor-column elementor-col-100 elementor-top-column elementor-element elementor-element-dd609b1\" data-id=\"dd609b1\" data-element_type=\"column\">\n\t\t\t<div class=\"elementor-widget-wrap elementor-element-populated\">\n\t\t\t\t\t\t<div class=\"elementor-element elementor-element-dd7a703 elementor-widget elementor-widget-spacer\" data-id=\"dd7a703\" data-element_type=\"widget\" data-widget_type=\"spacer.default\">\n\t\t\t\t<div class=\"elementor-widget-container\">\n\t\t\t\t\t<div class=\"elementor-spacer\">\n\t\t\t<div class=\"elementor-spacer-inner\"><\/div>\n\t\t<\/div>\n\t\t\t\t<\/div>\n\t\t\t\t<\/div>\n\t\t\t\t\t<\/div>\n\t\t<\/div>\n\t\t\t\t\t<\/div>\n\t\t<\/section>\n\t\t\t\t<\/div>","protected":false},"excerpt":{"rendered":"<p>Comment s'inscrire \u00cates-vous un gaffeur ou un joueur ? Menuisier ou costumier ? VFX ou SFX ? Machiniste ou porteuse de sc\u00e8ne ? Que vous travailliez pour un petit magasin ou une [...]<\/p>","protected":false},"author":2,"featured_media":0,"parent":0,"menu_order":0,"comment_status":"closed","ping_status":"closed","template":"","meta":{"_monsterinsights_skip_tracking":false,"_monsterinsights_sitenote_active":false,"_monsterinsights_sitenote_note":"","_monsterinsights_sitenote_category":0,"footnotes":""},"yoast_head":"<!-- This site is optimized with the Yoast SEO plugin v23.5 - https:\/\/yoast.com\/wordpress\/plugins\/seo\/ -->\n<title>How to Join - IATSE Canada<\/title>\n<meta name=\"robots\" content=\"index, follow, max-snippet:-1, max-image-preview:large, max-video-preview:-1\" \/>\n<link rel=\"canonical\" href=\"https:\/\/canada.iatse.net\/fr\/how-to-join\/\" \/>\n<meta property=\"og:locale\" content=\"fr_CA\" \/>\n<meta property=\"og:type\" content=\"article\" \/>\n<meta property=\"og:title\" content=\"How to Join - IATSE Canada\" \/>\n<meta property=\"og:description\" content=\"How to Join Are you a gaffer or a gamer? Carpenter or costumer? VFX or SFX? Stagehand or Stage door? Whether you\u2019re working for a small shop or a national [&hellip;]\" \/>\n<meta property=\"og:url\" content=\"https:\/\/canada.iatse.net\/fr\/how-to-join\/\" \/>\n<meta property=\"og:site_name\" content=\"IATSE Canada\" \/>\n<meta property=\"article:publisher\" content=\"https:\/\/www.facebook.com\/iatsecanada\/\" \/>\n<meta property=\"article:modified_time\" content=\"2026-01-28T21:41:06+00:00\" \/>\n<meta name=\"twitter:card\" content=\"summary_large_image\" \/>\n<meta name=\"twitter:site\" content=\"@iatsecanada\" \/>\n<meta name=\"twitter:label1\" content=\"Estimation du temps de lecture\" \/>\n\t<meta name=\"twitter:data1\" content=\"2 minutes\" \/>\n<script type=\"application\/ld+json\" class=\"yoast-schema-graph\">{\"@context\":\"https:\/\/schema.org\",\"@graph\":[{\"@type\":\"WebPage\",\"@id\":\"https:\/\/canada.iatse.net\/how-to-join\/\",\"url\":\"https:\/\/canada.iatse.net\/how-to-join\/\",\"name\":\"How to Join - IATSE Canada\",\"isPartOf\":{\"@id\":\"https:\/\/canada.iatse.net\/fr\/#website\"},\"datePublished\":\"2024-08-16T19:41:47+00:00\",\"dateModified\":\"2026-01-28T21:41:06+00:00\",\"breadcrumb\":{\"@id\":\"https:\/\/canada.iatse.net\/how-to-join\/#breadcrumb\"},\"inLanguage\":\"fr-CA\",\"potentialAction\":[{\"@type\":\"ReadAction\",\"target\":[\"https:\/\/canada.iatse.net\/how-to-join\/\"]}]},{\"@type\":\"BreadcrumbList\",\"@id\":\"https:\/\/canada.iatse.net\/how-to-join\/#breadcrumb\",\"itemListElement\":[{\"@type\":\"ListItem\",\"position\":1,\"name\":\"Home\",\"item\":\"https:\/\/canada.iatse.net\/\"},{\"@type\":\"ListItem\",\"position\":2,\"name\":\"How to Join\"}]},{\"@type\":\"WebSite\",\"@id\":\"https:\/\/canada.iatse.net\/fr\/#website\",\"url\":\"https:\/\/canada.iatse.net\/fr\/\",\"name\":\"IATSE Canada\",\"description\":\"The Union Behind Entertainment\",\"publisher\":{\"@id\":\"https:\/\/canada.iatse.net\/fr\/#organization\"},\"potentialAction\":[{\"@type\":\"SearchAction\",\"target\":{\"@type\":\"EntryPoint\",\"urlTemplate\":\"https:\/\/canada.iatse.net\/fr\/?s={search_term_string}\"},\"query-input\":{\"@type\":\"PropertyValueSpecification\",\"valueRequired\":true,\"valueName\":\"search_term_string\"}}],\"inLanguage\":\"fr-CA\"},{\"@type\":\"Organization\",\"@id\":\"https:\/\/canada.iatse.net\/fr\/#organization\",\"name\":\"IATSE Canada\",\"url\":\"https:\/\/canada.iatse.net\/fr\/\",\"logo\":{\"@type\":\"ImageObject\",\"inLanguage\":\"fr-CA\",\"@id\":\"https:\/\/canada.iatse.net\/fr\/#\/schema\/logo\/image\/\",\"url\":\"https:\/\/canada.iatse.net\/wp-content\/uploads\/sites\/2\/2023\/02\/Canadian-Bug-Clear-BG.png\",\"contentUrl\":\"https:\/\/canada.iatse.net\/wp-content\/uploads\/sites\/2\/2023\/02\/Canadian-Bug-Clear-BG.png\",\"width\":1675,\"height\":1675,\"caption\":\"IATSE Canada\"},\"image\":{\"@id\":\"https:\/\/canada.iatse.net\/fr\/#\/schema\/logo\/image\/\"},\"sameAs\":[\"https:\/\/www.facebook.com\/iatsecanada\/\",\"https:\/\/x.com\/iatsecanada\"]}]}<\/script>\n<!-- \/ Yoast SEO plugin. -->","yoast_head_json":{"title":"How to Join - IATSE Canada","robots":{"index":"index","follow":"follow","max-snippet":"max-snippet:-1","max-image-preview":"max-image-preview:large","max-video-preview":"max-video-preview:-1"},"canonical":"https:\/\/canada.iatse.net\/fr\/how-to-join\/","og_locale":"fr_CA","og_type":"article","og_title":"How to Join - IATSE Canada","og_description":"How to Join Are you a gaffer or a gamer? Carpenter or costumer? VFX or SFX? Stagehand or Stage door? Whether you\u2019re working for a small shop or a national [&hellip;]","og_url":"https:\/\/canada.iatse.net\/fr\/how-to-join\/","og_site_name":"IATSE Canada","article_publisher":"https:\/\/www.facebook.com\/iatsecanada\/","article_modified_time":"2026-01-28T21:41:06+00:00","twitter_card":"summary_large_image","twitter_site":"@iatsecanada","twitter_misc":{"Estimation du temps de lecture":"2 minutes"},"schema":{"@context":"https:\/\/schema.org","@graph":[{"@type":"WebPage","@id":"https:\/\/canada.iatse.net\/how-to-join\/","url":"https:\/\/canada.iatse.net\/how-to-join\/","name":"How to Join - IATSE Canada","isPartOf":{"@id":"https:\/\/canada.iatse.net\/fr\/#website"},"datePublished":"2024-08-16T19:41:47+00:00","dateModified":"2026-01-28T21:41:06+00:00","breadcrumb":{"@id":"https:\/\/canada.iatse.net\/how-to-join\/#breadcrumb"},"inLanguage":"fr-CA","potentialAction":[{"@type":"ReadAction","target":["https:\/\/canada.iatse.net\/how-to-join\/"]}]},{"@type":"BreadcrumbList","@id":"https:\/\/canada.iatse.net\/how-to-join\/#breadcrumb","itemListElement":[{"@type":"ListItem","position":1,"name":"Home","item":"https:\/\/canada.iatse.net\/"},{"@type":"ListItem","position":2,"name":"How to Join"}]},{"@type":"WebSite","@id":"https:\/\/canada.iatse.net\/fr\/#website","url":"https:\/\/canada.iatse.net\/fr\/","name":"IATSE Canada","description":"The Union Behind Entertainment","publisher":{"@id":"https:\/\/canada.iatse.net\/fr\/#organization"},"potentialAction":[{"@type":"SearchAction","target":{"@type":"EntryPoint","urlTemplate":"https:\/\/canada.iatse.net\/fr\/?s={search_term_string}"},"query-input":{"@type":"PropertyValueSpecification","valueRequired":true,"valueName":"search_term_string"}}],"inLanguage":"fr-CA"},{"@type":"Organization","@id":"https:\/\/canada.iatse.net\/fr\/#organization","name":"IATSE Canada","url":"https:\/\/canada.iatse.net\/fr\/","logo":{"@type":"ImageObject","inLanguage":"fr-CA","@id":"https:\/\/canada.iatse.net\/fr\/#\/schema\/logo\/image\/","url":"https:\/\/canada.iatse.net\/wp-content\/uploads\/sites\/2\/2023\/02\/Canadian-Bug-Clear-BG.png","contentUrl":"https:\/\/canada.iatse.net\/wp-content\/uploads\/sites\/2\/2023\/02\/Canadian-Bug-Clear-BG.png","width":1675,"height":1675,"caption":"IATSE Canada"},"image":{"@id":"https:\/\/canada.iatse.net\/fr\/#\/schema\/logo\/image\/"},"sameAs":["https:\/\/www.facebook.com\/iatsecanada\/","https:\/\/x.com\/iatsecanada"]}]}},"_links":{"self":[{"href":"https:\/\/canada.iatse.net\/fr\/wp-json\/wp\/v2\/pages\/8682"}],"collection":[{"href":"https:\/\/canada.iatse.net\/fr\/wp-json\/wp\/v2\/pages"}],"about":[{"href":"https:\/\/canada.iatse.net\/fr\/wp-json\/wp\/v2\/types\/page"}],"author":[{"embeddable":true,"href":"https:\/\/canada.iatse.net\/fr\/wp-json\/wp\/v2\/users\/2"}],"replies":[{"embeddable":true,"href":"https:\/\/canada.iatse.net\/fr\/wp-json\/wp\/v2\/comments?post=8682"}],"version-history":[{"count":89,"href":"https:\/\/canada.iatse.net\/fr\/wp-json\/wp\/v2\/pages\/8682\/revisions"}],"predecessor-version":[{"id":10812,"href":"https:\/\/canada.iatse.net\/fr\/wp-json\/wp\/v2\/pages\/8682\/revisions\/10812"}],"wp:attachment":[{"href":"https:\/\/canada.iatse.net\/fr\/wp-json\/wp\/v2\/media?parent=8682"}],"curies":[{"name":"wp","href":"https:\/\/api.w.org\/{rel}","templated":true}]}}